{"id":6,"date":"2016-09-21T18:52:17","date_gmt":"2016-09-21T16:52:17","guid":{"rendered":"http:\/\/diab80.fr\/?page_id=6"},"modified":"2018-01-23T15:37:10","modified_gmt":"2018-01-23T14:37:10","slug":"diabetique-80-somme-demenageur-demenagement-visa-chine-visa-inde-visa-vietnam-visa-russie-croisiere-safari-afrique-garde-meubles","status":"publish","type":"page","link":"https:\/\/diab80.fr\/","title":{"rendered":"Diabetique 80 somme"},"content":{"rendered":"<header class=\"entry-header\">\n<h1 class=\"entry-title\">Diabetique 80 somme<\/h1>\n<\/header>\n<div class=\"entry-content\">\n<h2>Pr\u00e9sentation de l\u2019association Diab 80 des diab\u00e9tiques de la Somme.<\/h2>\n<p>L\u2019association Diab 80 est une association qui aide les diab\u00e9tiques dans leur combat contre la maladie. Quand on est diab\u00e9tique, on a besoin de soutien, de discuter avec des gens qui souffrent de la m\u00eame maladie. Pour cela, se r\u00e9unir dans cette association permet de parler, de s\u2019exprimer. Vous y trouverez des personnes qui vous donneront aussi des conseils. Ce sont des professionnels qui seront \u00e0 votre \u00e9coute.<\/p>\n<p>&nbsp;<\/p>\n<h2>Informations g\u00e9n\u00e9rales sur le d\u00e9m\u00e9nagement.<\/h2>\n<p>Vous avez d\u00e9j\u00e0 vu des publicit\u00e9s concernant des d\u00e9m\u00e9nageur\u00a0<a href=\"https:\/\/www.demenageur.com\/\">demenageur.com<\/a>\u00a0qui veinent faire votre d\u00e9m\u00e9nagement \u00e0 votre place,\u00a0? Et bien n\u2019attendez plus. Oubliez les d\u00e9m\u00e9nagements \u00e9puisants, o\u00f9 vous avez cass\u00e9 la lampe de grand m\u00e8re, o\u00f9 vous avez perdu deux cartons ou encore o\u00f9 vous avez choisi le mauvais camion, trop petit\u2026 Les d\u00e9m\u00e9nageurs sont des professionnels qui vont venir chez vous estimer le volume de vos affaires. Avec ce devis d\u00e9m\u00e9nagement\u00a0<a href=\"https:\/\/www.demenageur.com\/devis-demenagement\/\">demenageur.com\/devis-demenagement\/<\/a>\u00a0, ils vont pouvoir vous expliquer la marche \u00e0 suivre et leur fa\u00e7on de proc\u00e9der. Vous pouvez, en attendant que le d\u00e9m\u00e9nagement se fasse, mettre vos affaires dans un garde meuble. Cela se fait notamment quand les pr\u00e9avis sont courts et que vous n\u2019avez pas le temps de pr\u00e9voir votre d\u00e9m\u00e9nagement\u00a0<a href=\"https:\/\/www.demenageur.com\/demenagement\/\">demenageur.com\/demenagement\/<\/a>\u00a0.<\/p>\n<p>&nbsp;<\/p>\n<h2>Informations g\u00e9n\u00e9rales sur l\u2019assurance vie.<\/h2>\n<p>Un placement sur le long terme, cela vous dit? C\u2019est le r\u00e9sum\u00e9 tr\u00e8s bref de ce qu\u2019est une assurance vie\u00a0<a href=\"http:\/\/lassurancevie.fr\">lassurancevie.fr<\/a>\u00a0. Vous placez vote capital afin de financer un grand projet ou votre retraite. C\u2019est le placement pr\u00e9f\u00e9r\u00e9 des fran\u00e7ais car c\u2019est une valeur s\u00fbre. Allez faire un tour sur les sites des banques et des mutuelles afin de connaitre leurs diff\u00e9rentes offres. Vous verrez que certaines vous proposent des avantages int\u00e9ressants mais avant de signer, lisez bien les termes du contrat. Par exemple, lisez bien les termes concernant le retrait de vos capitaux. Ne vous pr\u00e9cipitez pas et faites des devis en ligne afin de faire des comparatifs.<\/p>\n<p>&nbsp;<\/p>\n<h2>Informations g\u00e9n\u00e9rales sur les visas pour l\u2019\u00e9tranger.<\/h2>\n<p>Partir \u00e0 l\u2019\u00e9tranger demande que vous soyez pr\u00e9voyants car, pour entrer dans certains pays, il faut faire une demande de visa. Si vous allez en chine, il vous faut un visa chine\u00a0<a href=\"http:\/\/visachine.fr\">visachine.fr<\/a>\u00a0, si vous allez en russie, il vous faut visa russie\u00a0, si vous allez en inde \u00a0, il vous faut un visa inde\u00a0, et pour le vietnam, c\u2019est un visa vietnam\u00a0\u00a0. Il est essentiel de prendre toutes els informations n\u00e9cessaires aupr\u00e8s de l\u2019ambassade de France du pays que vous allez visiter. Certains ont des demandes particuli\u00e8res, notamment quand vous voyagez avec des mineurs.<\/p>\n<p>&nbsp;<\/p>\n<h2>Informations g\u00e9n\u00e9rales sur les croisi\u00e8res.<\/h2>\n<p>Le mot croisi\u00e8re\u00a0est synonyme de luxe et de bien \u00eatre. Avez-vous d\u00e9j\u00e0 pens\u00e9 \u00e0 faire une croisi\u00e8re? De nombreuses agences de voyages proposent des croisi\u00e8res de luxe \u00e0 des prix bien plus bas qu\u2019ils ne l\u2019\u00e9taient il y a quelques ann\u00e9es. On peut donc partir en croisi\u00e8re plus facilement. Sur le bateau, vous vous faites plaisir et l\u2019\u00e9quipage s\u2019occupe de vous et de votre bien \u00eatre. Vous y trouverez tous les \u00e9quipements n\u00e9cessaires pour cela. Une fois que le bateau a accost\u00e9, vous descendez sur terre pour d\u00e9couvrir de nouvelles cultures, de nouveaux paysages. Vous rencontrez des gens, vous vous faites de nouveaux amis. Vous vous souviendrez de ces vacances toute votre vie et, c\u2019est certain, vous repartirez en croisi\u00e8re.<\/p>\n<p>Retrouvez l&rsquo;info et les prestataires devis et offre qu&rsquo;il vous faut sur ce site :\u00a0<a href=\"https:\/\/ledabelle.com\/\">https:\/\/ledabelle.com\/<\/a><\/p>\n<\/div>\n","protected":false},"excerpt":{"rendered":"<p>Diabetique 80 somme Pr\u00e9sentation de l\u2019association Diab 80 des diab\u00e9tiques de la Somme. L\u2019association Diab 80 est une association qui aide les diab\u00e9tiques dans leur combat contre la maladie. Quand on est diab\u00e9tique, on a besoin de soutien, de discuter avec des gens qui souffrent de la m\u00eame maladie. Pour cela, se r\u00e9unir dans cette&hellip; <\/p>\n<p class=\"toivo-read-more\"><a href=\"https:\/\/diab80.fr\/\" class=\"more-link\">Lire la suite <span class=\"screen-reader-text\">Diabetique 80 somme<\/span><\/a><\/p>\n","protected":false},"author":1,"featured_media":0,"parent":0,"menu_order":0,"comment_status":"closed","ping_status":"closed","template":"","meta":[],"_links":{"self":[{"href":"https:\/\/diab80.fr\/index.php\/wp-json\/wp\/v2\/pages\/6"}],"collection":[{"href":"https:\/\/diab80.fr\/index.php\/wp-json\/wp\/v2\/pages"}],"about":[{"href":"https:\/\/diab80.fr\/index.php\/wp-json\/wp\/v2\/types\/page"}],"author":[{"embeddable":true,"href":"https:\/\/diab80.fr\/index.php\/wp-json\/wp\/v2\/users\/1"}],"replies":[{"embeddable":true,"href":"https:\/\/diab80.fr\/index.php\/wp-json\/wp\/v2\/comments?post=6"}],"version-history":[{"count":10,"href":"https:\/\/diab80.fr\/index.php\/wp-json\/wp\/v2\/pages\/6\/revisions"}],"predecessor-version":[{"id":22,"href":"https:\/\/diab80.fr\/index.php\/wp-json\/wp\/v2\/pages\/6\/revisions\/22"}],"wp:attachment":[{"href":"https:\/\/diab80.fr\/index.php\/wp-json\/wp\/v2\/media?parent=6"}],"curies":[{"name":"wp","href":"https:\/\/api.w.org\/{rel}","templated":true}]}}